{"id":10,"date":"2026-02-11T19:32:19","date_gmt":"2026-02-11T19:32:19","guid":{"rendered":"https:\/\/chaletdesecrins.com\/?page_id=10"},"modified":"2026-03-22T17:33:51","modified_gmt":"2026-03-22T17:33:51","slug":"accueil","status":"publish","type":"page","link":"https:\/\/chaletdesecrins.com\/index.php\/accueil\/","title":{"rendered":"Accueil"},"content":{"rendered":"\t\t<div data-elementor-type=\"wp-page\" data-elementor-id=\"10\" class=\"elementor elementor-10\">\n\t\t\t\t<div class=\"elementor-element elementor-element-2b31db1 e-con-full e-flex e-con e-parent\" data-id=\"2b31db1\" data-element_type=\"container\" data-e-type=\"container\" data-settings=\"{&quot;background_background&quot;:&quot;classic&quot;}\">\n\t\t\t\t<div class=\"elementor-element elementor-element-823f71f elementor-widget elementor-widget-heading\" data-id=\"823f71f\" data-element_type=\"widget\" data-e-type=\"widget\" data-widget_type=\"heading.default\">\n\t\t\t\t\t<h1 class=\"elementor-heading-title elementor-size-default\">Location Chalet Balcon des Ecrins<\/h1>\t\t\t\t<\/div>\n\t\t\t\t<div class=\"elementor-element elementor-element-2494ad6 elementor-widget elementor-widget-heading\" data-id=\"2494ad6\" data-element_type=\"widget\" data-e-type=\"widget\" data-widget_type=\"heading.default\">\n\t\t\t\t\t<h2 class=\"elementor-heading-title elementor-size-default\">sur les hauteurs du Champsaur\n<\/h2>\t\t\t\t<\/div>\n\t\t\t\t<\/div>\n\t\t<div class=\"elementor-element elementor-element-00f2876 e-flex e-con-boxed e-con e-parent\" data-id=\"00f2876\" data-element_type=\"container\" data-e-type=\"container\">\n\t\t\t\t\t<div class=\"e-con-inner\">\n\t\t\t\t<div class=\"elementor-element elementor-element-85ba3bb elementor-widget elementor-widget-heading\" data-id=\"85ba3bb\" data-element_type=\"widget\" data-e-type=\"widget\" data-widget_type=\"heading.default\">\n\t\t\t\t\t<h2 class=\"elementor-heading-title elementor-size-default\">Le Chalet en quelques chiffres<\/h2>\t\t\t\t<\/div>\n\t\t\t\t\t<\/div>\n\t\t\t\t<\/div>\n\t\t<div class=\"elementor-element elementor-element-c63c3de e-grid e-con-boxed e-con e-parent\" data-id=\"c63c3de\" data-element_type=\"container\" data-e-type=\"container\">\n\t\t\t\t\t<div class=\"e-con-inner\">\n\t\t\t\t<div class=\"elementor-element elementor-element-d156bd3 elementor-widget elementor-widget-heading\" data-id=\"d156bd3\" data-element_type=\"widget\" data-e-type=\"widget\" data-widget_type=\"heading.default\">\n\t\t\t\t\t<h2 class=\"elementor-heading-title elementor-size-default\">250 m2 habitable<br> 250 m2 de jardin <\/h2>\t\t\t\t<\/div>\n\t\t\t\t<div class=\"elementor-element elementor-element-cbb4f20 elementor-widget elementor-widget-heading\" data-id=\"cbb4f20\" data-element_type=\"widget\" data-e-type=\"widget\" data-widget_type=\"heading.default\">\n\t\t\t\t\t<h2 class=\"elementor-heading-title elementor-size-default\">12 personnes <br> au calme de la nature<\/h2>\t\t\t\t<\/div>\n\t\t\t\t<div class=\"elementor-element elementor-element-ad47769 elementor-widget elementor-widget-heading\" data-id=\"ad47769\" data-element_type=\"widget\" data-e-type=\"widget\" data-widget_type=\"heading.default\">\n\t\t\t\t\t<h2 class=\"elementor-heading-title elementor-size-default\">\nStation de ski : 3mn<br> Base de loisirs :10mn <\/h2>\t\t\t\t<\/div>\n\t\t\t\t\t<\/div>\n\t\t\t\t<\/div>\n\t\t<div class=\"elementor-element elementor-element-1d6eb95 e-grid e-con-full e-con e-parent\" data-id=\"1d6eb95\" data-element_type=\"container\" data-e-type=\"container\">\n\t\t\t\t<div class=\"elementor-element elementor-element-10d625a elementor-widget elementor-widget-heading\" data-id=\"10d625a\" data-element_type=\"widget\" data-e-type=\"widget\" data-widget_type=\"heading.default\">\n\t\t\t\t\t<h4 class=\"elementor-heading-title elementor-size-default\">Grand espace<\/h4>\t\t\t\t<\/div>\n\t\t\t\t<div class=\"elementor-element elementor-element-64a0fca elementor-widget elementor-widget-heading\" data-id=\"64a0fca\" data-element_type=\"widget\" data-e-type=\"widget\" data-widget_type=\"heading.default\">\n\t\t\t\t\t<h4 class=\"elementor-heading-title elementor-size-default\">Familles et amis<\/h4>\t\t\t\t<\/div>\n\t\t\t\t<div class=\"elementor-element elementor-element-5bf8166 elementor-widget elementor-widget-heading\" data-id=\"5bf8166\" data-element_type=\"widget\" data-e-type=\"widget\" data-widget_type=\"heading.default\">\n\t\t\t\t\t<h4 class=\"elementor-heading-title elementor-size-default\">Station Orci\u00e8res 1850<\/h4>\t\t\t\t<\/div>\n\t\t\t\t<\/div>\n\t\t<div class=\"elementor-element elementor-element-1323bf8 e-flex e-con-boxed e-con e-parent\" data-id=\"1323bf8\" data-element_type=\"container\" data-e-type=\"container\">\n\t\t\t\t\t<div class=\"e-con-inner\">\n\t\t\t\t<div class=\"elementor-element elementor-element-61a72a2 elementor-widget elementor-widget-text-editor\" data-id=\"61a72a2\" data-element_type=\"widget\" data-e-type=\"widget\" data-widget_type=\"text-editor.default\">\n\t\t\t\t\t\t\t\t\t<p>En bordure du hameau des Estaris, \u00e0 1 700 m d&#8217;altitude, ce grand chalet traditionnel offre une vue spectaculaire sur les sommets du Parc National des \u00c9crins.<\/p><p>Id\u00e9al pour les familles et les groupes d&#8217;amis, il combine l&#8217;espace et le calme d&#8217;un site pr\u00e9serv\u00e9 avec la proximit\u00e9 imm\u00e9diate de la station d&#8217;Orci\u00e8res Merlette 1850, accessible en 3 minutes en voiture.<\/p><p>Les randonn\u00e9es d\u00e9marrent du chalet, les sites de d\u00e9collage parapente sont \u00e0 20 minutes \u00e0 pied. En hiver, le domaine skiable d&#8217;Orcieres est \u00e0 quelques minutes en voiture. En toutes saisons, les nuits \u00e9toil\u00e9es prolongeront le spectacle naturel des torrents et des for\u00eats environnantes.<\/p>\t\t\t\t\t\t\t\t<\/div>\n\t\t\t\t\t<\/div>\n\t\t\t\t<\/div>\n\t\t<div class=\"elementor-element elementor-element-a64e4e8 e-flex e-con-boxed e-con e-parent\" data-id=\"a64e4e8\" data-element_type=\"container\" data-e-type=\"container\">\n\t\t\t\t\t<div class=\"e-con-inner\">\n\t\t<div class=\"elementor-element elementor-element-566b860 e-con-full e-flex e-con e-child\" data-id=\"566b860\" data-element_type=\"container\" data-e-type=\"container\">\n\t\t\t\t<div class=\"elementor-element elementor-element-0ccb4fe elementor-widget elementor-widget-heading\" data-id=\"0ccb4fe\" data-element_type=\"widget\" data-e-type=\"widget\" data-widget_type=\"heading.default\">\n\t\t\t\t\t<h3 class=\"elementor-heading-title elementor-size-default\">\ud83c\udfe0 Grand espace pour 12<\/h3>\t\t\t\t<\/div>\n\t\t\t\t<div class=\"elementor-element elementor-element-1321f8e elementor-widget elementor-widget-heading\" data-id=\"1321f8e\" data-element_type=\"widget\" data-e-type=\"widget\" data-widget_type=\"heading.default\">\n\t\t\t\t\t<h2 class=\"elementor-heading-title elementor-size-default\">250 m\u00b2 enti\u00e8rement \u00e9quip\u00e9s pour accueillir familles et groupes dans le confort. Salon spacieux, cuisine \u00e9quip\u00e9e, chambres ind\u00e9pendantes, 4 toilettes, 3 salles de bain<\/h2>\t\t\t\t<\/div>\n\t\t\t\t<\/div>\n\t\t<div class=\"elementor-element elementor-element-ecd9cc1 e-con-full e-flex e-con e-child\" data-id=\"ecd9cc1\" data-element_type=\"container\" data-e-type=\"container\">\n\t\t\t\t<div class=\"elementor-element elementor-element-2365d04 elementor-widget elementor-widget-heading\" data-id=\"2365d04\" data-element_type=\"widget\" data-e-type=\"widget\" data-widget_type=\"heading.default\">\n\t\t\t\t\t<h3 class=\"elementor-heading-title elementor-size-default\">\ud83c\udf04 Vue panoramique sur les \u00c9crins<\/h3>\t\t\t\t<\/div>\n\t\t\t\t<div class=\"elementor-element elementor-element-1c067d0 elementor-widget elementor-widget-heading\" data-id=\"1c067d0\" data-element_type=\"widget\" data-e-type=\"widget\" data-widget_type=\"heading.default\">\n\t\t\t\t\t<h2 class=\"elementor-heading-title elementor-size-default\">Depuis le balcon en bois ou les grandes fen\u00eatres du salon et des chambres, les sommets du Parc National des \u00c9crins s'offrent \u00e0 vous du lever au coucher du soleil.<\/h2>\t\t\t\t<\/div>\n\t\t\t\t<\/div>\n\t\t\t\t\t<\/div>\n\t\t\t\t<\/div>\n\t\t\t\t<\/div>\n\t\t","protected":false},"excerpt":{"rendered":"<p>Location Chalet Balcon des Ecrins sur les hauteurs du Champsaur Le Chalet en quelques chiffres 250 m2 habitable 250 m2 [&hellip;]<\/p>\n","protected":false},"author":1,"featured_media":0,"parent":0,"menu_order":0,"comment_status":"closed","ping_status":"closed","template":"","meta":{"site-sidebar-layout":"no-sidebar","site-content-layout":"","ast-site-content-layout":"full-width-container","site-content-style":"default","site-sidebar-style":"default","ast-global-header-display":"","ast-banner-title-visibility":"","ast-main-header-display":"","ast-hfb-above-header-display":"","ast-hfb-below-header-display":"","ast-hfb-mobile-header-display":"","site-post-title":"","ast-breadcrumbs-content":"","ast-featured-img":"disabled","footer-sml-layout":"","ast-disable-related-posts":"","theme-transparent-header-meta":"","adv-header-id-meta":"","stick-header-meta":"","header-above-stick-meta":"","header-main-stick-meta":"","header-below-stick-meta":"","astra-migrate-meta-layouts":"default","ast-page-background-enabled":"default","ast-page-background-meta":{"desktop":{"background-color":"var(--ast-global-color-5)","background-image":"","background-repeat":"repeat","background-position":"center center","background-size":"auto","background-attachment":"scroll","background-type":"","background-media":"","overlay-type":"","overlay-color":"","overlay-opacity":"","overlay-gradient":""},"tablet":{"background-color":"","background-image":"","background-repeat":"repeat","background-position":"center center","background-size":"auto","background-attachment":"scroll","background-type":"","background-media":"","overlay-type":"","overlay-color":"","overlay-opacity":"","overlay-gradient":""},"mobile":{"background-color":"","background-image":"","background-repeat":"repeat","background-position":"center center","background-size":"auto","background-attachment":"scroll","background-type":"","background-media":"","overlay-type":"","overlay-color":"","overlay-opacity":"","overlay-gradient":""}},"ast-content-background-meta":{"desktop":{"background-color":"var(--ast-global-color-4)","background-image":"","background-repeat":"repeat","background-position":"center center","background-size":"auto","background-attachment":"scroll","background-type":"","background-media":"","overlay-type":"","overlay-color":"","overlay-opacity":"","overlay-gradient":""},"tablet":{"background-color":"var(--ast-global-color-4)","background-image":"","background-repeat":"repeat","background-position":"center center","background-size":"auto","background-attachment":"scroll","background-type":"","background-media":"","overlay-type":"","overlay-color":"","overlay-opacity":"","overlay-gradient":""},"mobile":{"background-color":"var(--ast-global-color-4)","background-image":"","background-repeat":"repeat","background-position":"center center","background-size":"auto","background-attachment":"scroll","background-type":"","background-media":"","overlay-type":"","overlay-color":"","overlay-opacity":"","overlay-gradient":""}},"footnotes":""},"class_list":["post-10","page","type-page","status-publish","hentry"],"yoast_head":"<!-- This site is optimized with the Yoast SEO plugin v26.9 - https:\/\/yoast.com\/product\/yoast-seo-wordpress\/ -->\n<title>Accueil - WordPress<\/title>\n<meta name=\"robots\" content=\"index, follow, max-snippet:-1, max-image-preview:large, max-video-preview:-1\" \/>\n<link rel=\"canonical\" href=\"https:\/\/chaletdesecrins.com\/index.php\/accueil\/\" \/>\n<meta property=\"og:locale\" content=\"en_US\" \/>\n<meta property=\"og:type\" content=\"article\" \/>\n<meta property=\"og:title\" content=\"Accueil - WordPress\" \/>\n<meta property=\"og:description\" content=\"Location Chalet Balcon des Ecrins sur les hauteurs du Champsaur Le Chalet en quelques chiffres 250 m2 habitable 250 m2 [&hellip;]\" \/>\n<meta property=\"og:url\" content=\"https:\/\/chaletdesecrins.com\/index.php\/accueil\/\" \/>\n<meta property=\"og:site_name\" content=\"WordPress\" \/>\n<meta property=\"article:modified_time\" content=\"2026-03-22T17:33:51+00:00\" \/>\n<meta name=\"twitter:card\" content=\"summary_large_image\" \/>\n<meta name=\"twitter:label1\" content=\"Est. reading time\" \/>\n\t<meta name=\"twitter:data1\" content=\"2 minutes\" \/>\n<script type=\"application\/ld+json\" class=\"yoast-schema-graph\">{\"@context\":\"https:\/\/schema.org\",\"@graph\":[{\"@type\":\"WebPage\",\"@id\":\"https:\/\/chaletdesecrins.com\/index.php\/accueil\/\",\"url\":\"https:\/\/chaletdesecrins.com\/index.php\/accueil\/\",\"name\":\"Accueil - WordPress\",\"isPartOf\":{\"@id\":\"https:\/\/chaletdesecrins.com\/#website\"},\"datePublished\":\"2026-02-11T19:32:19+00:00\",\"dateModified\":\"2026-03-22T17:33:51+00:00\",\"breadcrumb\":{\"@id\":\"https:\/\/chaletdesecrins.com\/index.php\/accueil\/#breadcrumb\"},\"inLanguage\":\"en-US\",\"potentialAction\":[{\"@type\":\"ReadAction\",\"target\":[\"https:\/\/chaletdesecrins.com\/index.php\/accueil\/\"]}]},{\"@type\":\"BreadcrumbList\",\"@id\":\"https:\/\/chaletdesecrins.com\/index.php\/accueil\/#breadcrumb\",\"itemListElement\":[{\"@type\":\"ListItem\",\"position\":1,\"name\":\"Home\",\"item\":\"https:\/\/chaletdesecrins.com\/\"},{\"@type\":\"ListItem\",\"position\":2,\"name\":\"Accueil\"}]},{\"@type\":\"WebSite\",\"@id\":\"https:\/\/chaletdesecrins.com\/#website\",\"url\":\"https:\/\/chaletdesecrins.com\/\",\"name\":\"WordPress\",\"description\":\"\",\"potentialAction\":[{\"@type\":\"SearchAction\",\"target\":{\"@type\":\"EntryPoint\",\"urlTemplate\":\"https:\/\/chaletdesecrins.com\/?s={search_term_string}\"},\"query-input\":{\"@type\":\"PropertyValueSpecification\",\"valueRequired\":true,\"valueName\":\"search_term_string\"}}],\"inLanguage\":\"en-US\"}]}<\/script>\n<!-- \/ Yoast SEO plugin. -->","yoast_head_json":{"title":"Accueil - WordPress","robots":{"index":"index","follow":"follow","max-snippet":"max-snippet:-1","max-image-preview":"max-image-preview:large","max-video-preview":"max-video-preview:-1"},"canonical":"https:\/\/chaletdesecrins.com\/index.php\/accueil\/","og_locale":"en_US","og_type":"article","og_title":"Accueil - WordPress","og_description":"Location Chalet Balcon des Ecrins sur les hauteurs du Champsaur Le Chalet en quelques chiffres 250 m2 habitable 250 m2 [&hellip;]","og_url":"https:\/\/chaletdesecrins.com\/index.php\/accueil\/","og_site_name":"WordPress","article_modified_time":"2026-03-22T17:33:51+00:00","twitter_card":"summary_large_image","twitter_misc":{"Est. reading time":"2 minutes"},"schema":{"@context":"https:\/\/schema.org","@graph":[{"@type":"WebPage","@id":"https:\/\/chaletdesecrins.com\/index.php\/accueil\/","url":"https:\/\/chaletdesecrins.com\/index.php\/accueil\/","name":"Accueil - WordPress","isPartOf":{"@id":"https:\/\/chaletdesecrins.com\/#website"},"datePublished":"2026-02-11T19:32:19+00:00","dateModified":"2026-03-22T17:33:51+00:00","breadcrumb":{"@id":"https:\/\/chaletdesecrins.com\/index.php\/accueil\/#breadcrumb"},"inLanguage":"en-US","potentialAction":[{"@type":"ReadAction","target":["https:\/\/chaletdesecrins.com\/index.php\/accueil\/"]}]},{"@type":"BreadcrumbList","@id":"https:\/\/chaletdesecrins.com\/index.php\/accueil\/#breadcrumb","itemListElement":[{"@type":"ListItem","position":1,"name":"Home","item":"https:\/\/chaletdesecrins.com\/"},{"@type":"ListItem","position":2,"name":"Accueil"}]},{"@type":"WebSite","@id":"https:\/\/chaletdesecrins.com\/#website","url":"https:\/\/chaletdesecrins.com\/","name":"WordPress","description":"","potentialAction":[{"@type":"SearchAction","target":{"@type":"EntryPoint","urlTemplate":"https:\/\/chaletdesecrins.com\/?s={search_term_string}"},"query-input":{"@type":"PropertyValueSpecification","valueRequired":true,"valueName":"search_term_string"}}],"inLanguage":"en-US"}]}},"_links":{"self":[{"href":"https:\/\/chaletdesecrins.com\/index.php\/wp-json\/wp\/v2\/pages\/10","targetHints":{"allow":["GET"]}}],"collection":[{"href":"https:\/\/chaletdesecrins.com\/index.php\/wp-json\/wp\/v2\/pages"}],"about":[{"href":"https:\/\/chaletdesecrins.com\/index.php\/wp-json\/wp\/v2\/types\/page"}],"author":[{"embeddable":true,"href":"https:\/\/chaletdesecrins.com\/index.php\/wp-json\/wp\/v2\/users\/1"}],"replies":[{"embeddable":true,"href":"https:\/\/chaletdesecrins.com\/index.php\/wp-json\/wp\/v2\/comments?post=10"}],"version-history":[{"count":25,"href":"https:\/\/chaletdesecrins.com\/index.php\/wp-json\/wp\/v2\/pages\/10\/revisions"}],"predecessor-version":[{"id":91,"href":"https:\/\/chaletdesecrins.com\/index.php\/wp-json\/wp\/v2\/pages\/10\/revisions\/91"}],"wp:attachment":[{"href":"https:\/\/chaletdesecrins.com\/index.php\/wp-json\/wp\/v2\/media?parent=10"}],"curies":[{"name":"wp","href":"https:\/\/api.w.org\/{rel}","templated":true}]}}